{"id":6,"date":"2020-10-15T14:08:34","date_gmt":"2020-10-15T12:08:34","guid":{"rendered":"http:\/\/pale-rider.fr\/?page_id=6"},"modified":"2023-08-01T14:00:21","modified_gmt":"2023-08-01T12:00:21","slug":"accueil","status":"publish","type":"page","link":"https:\/\/pale-rider.fr\/","title":{"rendered":"Accueil"},"content":{"rendered":"\n<p>Quelques pens\u00e9es d&rsquo;un rider parfois solitaire et qui n&rsquo;est pas toujours sur sa monture \u00e0 roues&#8230;<\/p>\n\n\n\n<div class=\"wp-block-group alignwide is-layout-flow advgb-dyn-3dfb7254\"><div class=\"wp-block-group__inner-container\"><\/div><\/div>\n\n\n\n<p><\/p>\n\n\n\n<div class=\"wp-block-advgb-columns advgb-columns-wrapper\" id=\"advgb-cols-ac966513-bae1-43e0-b35c-198bca2368fe\"><div class=\"advgb-columns-container\"><div class=\"advgb-columns advgb-columns-row advgb-is-mobile advgb-columns-2 layout-12-12 mbl-layout-stacked vgutter-10\">\n<div class=\"wp-block-advgb-column advgb-column advgb-is-half-tablet advgb-is-full-mobile\" id=\"advgb-col-51d5b63b-737b-4b63-a890-5ada9032649e\"><div class=\"advgb-column-inner\" style=\"border-style:none;border-width:1px\"><div class=\"wp-block-image is-style-rounded\">\n<figure class=\"aligncenter size-large advgb-dyn-fddfe7e5\"><a href=\"http:\/\/pale-rider.fr\/index.php\/void\/\"><img decoding=\"async\" loading=\"lazy\" width=\"199\" height=\"239\" src=\"http:\/\/pale-rider.fr\/wp-content\/uploads\/2020\/11\/empty.jpeg\" alt=\"\" class=\"wp-image-180\" srcset=\"https:\/\/pale-rider.fr\/wp-content\/uploads\/2020\/11\/empty.jpeg 199w, https:\/\/pale-rider.fr\/wp-content\/uploads\/2020\/11\/empty-50x60.jpeg 50w\" sizes=\"(max-width: 199px) 100vw, 199px\" \/><\/a><figcaption class=\"wp-element-caption\">Void<\/figcaption><\/figure><\/div><\/div><\/div>\n\n\n\n<div class=\"wp-block-advgb-column advgb-column advgb-is-half-tablet advgb-is-full-mobile\" id=\"advgb-col-4ad0f1c9-1020-4f36-84b3-938e8cd91d24\"><div class=\"advgb-column-inner\" style=\"border-style:none;border-width:1px\">\n<figure class=\"wp-block-image size-large is-resized is-style-rounded advgb-dyn-5ff9f00b\"><a href=\"http:\/\/pale-rider.fr\/index.php\/ride\/\"><img decoding=\"async\" loading=\"lazy\" src=\"http:\/\/pale-rider.fr\/wp-content\/uploads\/2020\/11\/IMG_3729_r.jpg\" alt=\"\" class=\"wp-image-182\" width=\"199\" height=\"239\" srcset=\"https:\/\/pale-rider.fr\/wp-content\/uploads\/2020\/11\/IMG_3729_r.jpg 199w, https:\/\/pale-rider.fr\/wp-content\/uploads\/2020\/11\/IMG_3729_r-50x60.jpg 50w\" sizes=\"(max-width: 199px) 100vw, 199px\" \/><\/a><figcaption class=\"wp-element-caption\">Ride<\/figcaption><\/figure>\n<\/div><\/div>\n<\/div><\/div><\/div>\n\n\n\n<p><\/p>\n<style class=\"advgb-styles-renderer\">#advgb-cols-ac966513-bae1-43e0-b35c-198bca2368fe{}@media screen and (max-width: 1023px) {#advgb-cols-ac966513-bae1-43e0-b35c-198bca2368fe{}}@media screen and (max-width: 767px) {#advgb-cols-ac966513-bae1-43e0-b35c-198bca2368fe{}}#advgb-col-51d5b63b-737b-4b63-a890-5ada9032649e>.advgb-column-inner{}@media screen and (max-width: 1023px) {#advgb-col-51d5b63b-737b-4b63-a890-5ada9032649e>.advgb-column-inner{}}@media screen and (max-width: 767px) {#advgb-col-51d5b63b-737b-4b63-a890-5ada9032649e>.advgb-column-inner{}}#advgb-col-4ad0f1c9-1020-4f36-84b3-938e8cd91d24>.advgb-column-inner{}@media screen and (max-width: 1023px) {#advgb-col-4ad0f1c9-1020-4f36-84b3-938e8cd91d24>.advgb-column-inner{}}@media screen and (max-width: 767px) {#advgb-col-4ad0f1c9-1020-4f36-84b3-938e8cd91d24>.advgb-column-inner{}}<\/style>","protected":false},"excerpt":{"rendered":"<p>Quelques pens\u00e9es d&rsquo;un rider parfois solitaire et qui n&rsquo;est pas toujours sur sa monture \u00e0 roues&#8230;<\/p>\n","protected":false},"author":2,"featured_media":0,"parent":0,"menu_order":0,"comment_status":"closed","ping_status":"closed","template":"","meta":{"_uag_custom_page_level_css":"","advgb_blocks_editor_width":"","advgb_blocks_columns_visual_guide":""},"uagb_featured_image_src":{"full":false,"thumbnail":false,"medium":false,"medium_large":false,"large":false,"post-slider-thumb-size":false,"post-category-slider-size":false,"1536x1536":false,"2048x2048":false,"blossom-spa-schema":false,"blossom-spa-single":false,"blossom-spa-service":false,"blossom-spa-team":false,"blossom-spa-pagination":false,"blossom-spa-blog-list":false,"blossom-spa-blog-classic":false,"blossom-spa-blog-classic-full":false,"blossom-spa-related":false},"uagb_author_info":{"display_name":"Pale Rider","author_link":"https:\/\/pale-rider.fr\/index.php\/author\/therider\/"},"uagb_comment_info":0,"uagb_excerpt":"Quelques pens\u00e9es d&rsquo;un rider parfois solitaire et qui n&rsquo;est pas toujours sur sa monture \u00e0 roues&#8230;","coauthors":[],"author_meta":{"author_link":"https:\/\/pale-rider.fr\/index.php\/author\/therider\/","display_name":"Pale Rider"},"relative_dates":{"created":"Publi\u00e9 5 ans il y a","modified":"Mis \u00e0 jour 3 ans il y a"},"absolute_dates":{"created":"Publi\u00e9 le 15 octobre 2020","modified":"Mise \u00e0 jour le 1 ao\u00fbt 2023"},"absolute_dates_time":{"created":"Publi\u00e9 le 15 octobre 2020 14 h 08 min","modified":"Mise \u00e0 jour le 1 ao\u00fbt 2023 14 h 00 min"},"featured_img_caption":"","featured_img":false,"series_order":"","_links":{"self":[{"href":"https:\/\/pale-rider.fr\/index.php\/wp-json\/wp\/v2\/pages\/6"}],"collection":[{"href":"https:\/\/pale-rider.fr\/index.php\/wp-json\/wp\/v2\/pages"}],"about":[{"href":"https:\/\/pale-rider.fr\/index.php\/wp-json\/wp\/v2\/types\/page"}],"author":[{"embeddable":true,"href":"https:\/\/pale-rider.fr\/index.php\/wp-json\/wp\/v2\/users\/2"}],"replies":[{"embeddable":true,"href":"https:\/\/pale-rider.fr\/index.php\/wp-json\/wp\/v2\/comments?post=6"}],"version-history":[{"count":24,"href":"https:\/\/pale-rider.fr\/index.php\/wp-json\/wp\/v2\/pages\/6\/revisions"}],"predecessor-version":[{"id":1111,"href":"https:\/\/pale-rider.fr\/index.php\/wp-json\/wp\/v2\/pages\/6\/revisions\/1111"}],"wp:attachment":[{"href":"https:\/\/pale-rider.fr\/index.php\/wp-json\/wp\/v2\/media?parent=6"}],"curies":[{"name":"wp","href":"https:\/\/api.w.org\/{rel}","templated":true}]}}